{"id":988,"date":"2017-09-05T20:48:33","date_gmt":"2017-09-05T20:48:33","guid":{"rendered":"http:\/\/quinoacotopaxi.com\/?page_id=988"},"modified":"2019-06-06T17:17:03","modified_gmt":"2019-06-06T22:17:03","slug":"home","status":"publish","type":"page","link":"http:\/\/quinoacotopaxi.com\/es\/","title":{"rendered":"home"},"content":{"rendered":"<p>[et_pb_section bb_built=\u00bb1&#8243; fullwidth=\u00bbon\u00bb _builder_version=\u00bb3.22.7&#8243; next_background_color=\u00bb#000000&#8243;][et_pb_fullwidth_header header_fullscreen=\u00bbon\u00bb header_scroll_down=\u00bbon\u00bb scroll_down_icon=\u00bb%%1%%\u00bb scroll_down_icon_size=\u00bb65px\u00bb background_overlay_color=\u00bbrgba(0,0,0,0.27)\u00bb logo_image_url=\u00bbhttp:\/\/quinoacotopaxi.com\/wp-content\/uploads\/2019\/05\/Logo-Final-1.png\u00bb content_max_width=\u00bb54%\u00bb module_id=\u00bbinicio\u00bb _builder_version=\u00bb3.22.7&#8243; title_font=\u00bb|on|||\u00bb title_font_size=\u00bb69px\u00bb subhead_font=\u00bb|on|||\u00bb subhead_font_size=\u00bb32px\u00bb background_color=\u00bbrgba(255,255,255,0)\u00bb background_image=\u00bbhttp:\/\/quinoacotopaxi.com\/wp-content\/uploads\/2019\/05\/Cotopaxi.jpg\u00bb parallax=\u00bbon\u00bb max_width_tablet=\u00bb50px\u00bb z_index_tablet=\u00bb500&#8243; button_one_text_size__hover_enabled=\u00bboff\u00bb button_one_text_size__hover=\u00bbnull\u00bb button_two_text_size__hover_enabled=\u00bboff\u00bb button_two_text_size__hover=\u00bbnull\u00bb button_one_text_color__hover_enabled=\u00bboff\u00bb button_one_text_color__hover=\u00bbnull\u00bb button_two_text_color__hover_enabled=\u00bboff\u00bb button_two_text_color__hover=\u00bbnull\u00bb button_one_border_width__hover_enabled=\u00bboff\u00bb button_one_border_width__hover=\u00bbnull\u00bb button_two_border_width__hover_enabled=\u00bboff\u00bb button_two_border_width__hover=\u00bbnull\u00bb button_one_border_color__hover_enabled=\u00bboff\u00bb button_one_border_color__hover=\u00bbnull\u00bb button_two_border_color__hover_enabled=\u00bboff\u00bb button_two_border_color__hover=\u00bbnull\u00bb button_one_border_radius__hover_enabled=\u00bboff\u00bb button_one_border_radius__hover=\u00bbnull\u00bb button_two_border_radius__hover_enabled=\u00bboff\u00bb button_two_border_radius__hover=\u00bbnull\u00bb button_one_letter_spacing__hover_enabled=\u00bboff\u00bb button_one_letter_spacing__hover=\u00bbnull\u00bb button_two_letter_spacing__hover_enabled=\u00bboff\u00bb button_two_letter_spacing__hover=\u00bbnull\u00bb button_one_bg_color__hover_enabled=\u00bboff\u00bb button_one_bg_color__hover=\u00bbnull\u00bb button_two_bg_color__hover_enabled=\u00bboff\u00bb button_two_bg_color__hover=\u00bbnull\u00bb \/][\/et_pb_section][et_pb_section bb_built=\u00bb1&#8243; _builder_version=\u00bb3.22.7&#8243; background_image=\u00bbhttp:\/\/quinoacotopaxi.com\/wp-content\/uploads\/2019\/05\/Cotopaxi.jpg\u00bb parallax=\u00bbon\u00bb parallax_method=\u00bboff\u00bb custom_padding=\u00bb0px||0px|||\u00bb z_index_tablet=\u00bb500&#8243; prev_background_color=\u00bb#ffffff\u00bb next_background_color=\u00bb#ffffff\u00bb global_module=\u00bb1403&#8243;][et_pb_row global_parent=\u00bb1403&#8243; use_custom_gutter=\u00bbon\u00bb gutter_width=\u00bb1&#8243; _builder_version=\u00bb3.22.7&#8243; background_color=\u00bbrgba(255,255,255,0.68)\u00bb width=\u00bb100%\u00bb max_width=\u00bb1690px\u00bb make_equal=\u00bbon\u00bb custom_padding=\u00bb|135px||135px||true\u00bb][et_pb_column type=\u00bb1_5&#8243;][et_pb_image admin_label=\u00bbgmp\u00bb global_parent=\u00bb1403&#8243; src=\u00bbhttp:\/\/quinoacotopaxi.com\/wp-content\/uploads\/2017\/09\/gmp.png\u00bb align=\u00bbcenter\u00bb _builder_version=\u00bb3.22.7&#8243; width=\u00bb50%\u00bb min_height=\u00bb100px\u00bb height=\u00bb107px\u00bb z_index_tablet=\u00bb500&#8243; \/][\/et_pb_column][et_pb_column type=\u00bb1_5&#8243;][et_pb_image admin_label=\u00bbnsf\u00bb global_parent=\u00bb1403&#8243; src=\u00bbhttp:\/\/quinoacotopaxi.com\/wp-content\/uploads\/2017\/09\/nsf.png\u00bb align=\u00bbcenter\u00bb _builder_version=\u00bb3.22.7&#8243; width=\u00bb50%\u00bb min_height=\u00bb100px\u00bb height=\u00bb107px\u00bb z_index_tablet=\u00bb500&#8243; \/][\/et_pb_column][et_pb_column type=\u00bb1_5&#8243;][et_pb_image admin_label=\u00bbbrc\u00bb global_parent=\u00bb1403&#8243; src=\u00bbhttp:\/\/quinoacotopaxi.com\/wp-content\/uploads\/2017\/09\/brc2.png\u00bb align=\u00bbcenter\u00bb _builder_version=\u00bb3.22.7&#8243; width=\u00bb50%\u00bb min_height=\u00bb100px\u00bb height=\u00bb107px\u00bb z_index_tablet=\u00bb500&#8243; \/][\/et_pb_column][et_pb_column type=\u00bb1_5&#8243;][et_pb_image admin_label=\u00bbfriend of the earth\u00bb global_parent=\u00bb1403&#8243; src=\u00bbhttp:\/\/quinoacotopaxi.com\/wp-content\/uploads\/2019\/05\/FOE_3D_web_RGB_black-300&#215;289.png\u00bb align=\u00bbcenter\u00bb _builder_version=\u00bb3.22.7&#8243; width=\u00bb50%\u00bb min_height=\u00bb100px\u00bb height=\u00bb107px\u00bb z_index_tablet=\u00bb500&#8243; \/][\/et_pb_column][et_pb_column type=\u00bb1_5&#8243;][et_pb_image admin_label=\u00bbemprendedor\u00bb global_parent=\u00bb1403&#8243; src=\u00bbhttp:\/\/quinoacotopaxi.com\/wp-content\/uploads\/2017\/09\/sello-emprendedor.png\u00bb align=\u00bbcenter\u00bb _builder_version=\u00bb3.22.7&#8243; width=\u00bb50%\u00bb min_height=\u00bb100px\u00bb height=\u00bb107px\u00bb z_index_tablet=\u00bb500&#8243; \/][\/et_pb_column][\/et_pb_row][\/et_pb_section][et_pb_section bb_built=\u00bb1&#8243; fullwidth=\u00bbon\u00bb _builder_version=\u00bb3.22.3&#8243; prev_background_color=\u00bb#000000&#8243; next_background_color=\u00bb#000000&#8243;][et_pb_fullwidth_header title=\u00bbNosotros\u00bb header_fullscreen=\u00bbon\u00bb button_one_text=\u00bbDESCUBRE M\u00c1S\u00bb button_one_url=\u00bb\/es\/nosotros\u00bb background_overlay_color=\u00bbrgba(0,0,0,0.39)\u00bb content_max_width=\u00bbnone\u00bb title_font_color=\u00bb#ffffff\u00bb module_id=\u00bbnosotros\u00bb _builder_version=\u00bb3.22.7&#8243; title_text_color=\u00bb#ffffff\u00bb background_color=\u00bbrgba(255,255,255,0)\u00bb background_image=\u00bbhttp:\/\/quinoacotopaxi.com\/wp-content\/uploads\/2019\/05\/Quinoa.jpg\u00bb parallax=\u00bbon\u00bb button_one_letter_spacing_hover=\u00bb0&#8243; button_two_letter_spacing_hover=\u00bb0&#8243; button_one_text_size__hover_enabled=\u00bboff\u00bb button_one_text_size__hover=\u00bbnull\u00bb button_two_text_size__hover_enabled=\u00bboff\u00bb button_two_text_size__hover=\u00bbnull\u00bb button_one_text_color__hover_enabled=\u00bboff\u00bb button_one_text_color__hover=\u00bbnull\u00bb button_two_text_color__hover_enabled=\u00bboff\u00bb button_two_text_color__hover=\u00bbnull\u00bb button_one_border_width__hover_enabled=\u00bboff\u00bb button_one_border_width__hover=\u00bbnull\u00bb button_two_border_width__hover_enabled=\u00bboff\u00bb button_two_border_width__hover=\u00bbnull\u00bb button_one_border_color__hover_enabled=\u00bboff\u00bb button_one_border_color__hover=\u00bbnull\u00bb button_two_border_color__hover_enabled=\u00bboff\u00bb button_two_border_color__hover=\u00bbnull\u00bb button_one_border_radius__hover_enabled=\u00bboff\u00bb button_one_border_radius__hover=\u00bbnull\u00bb button_two_border_radius__hover_enabled=\u00bboff\u00bb button_two_border_radius__hover=\u00bbnull\u00bb button_one_letter_spacing__hover_enabled=\u00bbon\u00bb button_one_letter_spacing__hover=\u00bb0&#8243; button_two_letter_spacing__hover_enabled=\u00bbon\u00bb button_two_letter_spacing__hover=\u00bb0&#8243; button_one_bg_color__hover_enabled=\u00bboff\u00bb button_one_bg_color__hover=\u00bbnull\u00bb button_two_bg_color__hover_enabled=\u00bboff\u00bb button_two_bg_color__hover=\u00bbnull\u00bb]<\/p>\n<p>Quinoa Cotopaxi se encuentra ubicada en la Hacienda La Calerita. Esta hacienda con una historia de m\u00e1s de cien a\u00f1os ha visto esfuerzo y pasi\u00f3n por la agricultura.<\/p>\n<p>[\/et_pb_fullwidth_header][\/et_pb_section][et_pb_section bb_built=\u00bb1&#8243; fullwidth=\u00bbon\u00bb _builder_version=\u00bb3.22.3&#8243; prev_background_color=\u00bb#000000&#8243; next_background_color=\u00bb#000000&#8243;][et_pb_fullwidth_header title=\u00bbProductos\u00bb header_fullscreen=\u00bbon\u00bb button_one_text=\u00bbDESCUBRE M\u00c1S\u00bb button_one_url=\u00bb\/es\/productos\u00bb background_overlay_color=\u00bbrgba(0,0,0,0.39)\u00bb content_max_width=\u00bbnone\u00bb title_font_color=\u00bb#ffffff\u00bb module_id=\u00bbproductos\u00bb _builder_version=\u00bb3.22.7&#8243; title_font=\u00bb||||\u00bb title_text_color=\u00bb#ffffff\u00bb background_color=\u00bbrgba(255,255,255,0)\u00bb background_image=\u00bbhttp:\/\/quinoacotopaxi.com\/wp-content\/uploads\/2019\/05\/Productos.jpg\u00bb parallax=\u00bbon\u00bb parallax_method=\u00bbon\u00bb z_index_tablet=\u00bb500&#8243; button_one_text_size__hover_enabled=\u00bboff\u00bb button_one_text_size__hover=\u00bbnull\u00bb button_two_text_size__hover_enabled=\u00bboff\u00bb button_two_text_size__hover=\u00bbnull\u00bb button_one_text_color__hover_enabled=\u00bboff\u00bb button_one_text_color__hover=\u00bbnull\u00bb button_two_text_color__hover_enabled=\u00bboff\u00bb button_two_text_color__hover=\u00bbnull\u00bb button_one_border_width__hover_enabled=\u00bboff\u00bb button_one_border_width__hover=\u00bbnull\u00bb button_two_border_width__hover_enabled=\u00bboff\u00bb button_two_border_width__hover=\u00bbnull\u00bb button_one_border_color__hover_enabled=\u00bboff\u00bb button_one_border_color__hover=\u00bbnull\u00bb button_two_border_color__hover_enabled=\u00bboff\u00bb button_two_border_color__hover=\u00bbnull\u00bb button_one_border_radius__hover_enabled=\u00bboff\u00bb button_one_border_radius__hover=\u00bbnull\u00bb button_two_border_radius__hover_enabled=\u00bboff\u00bb button_two_border_radius__hover=\u00bbnull\u00bb button_one_letter_spacing__hover_enabled=\u00bboff\u00bb button_one_letter_spacing__hover=\u00bbnull\u00bb button_two_letter_spacing__hover_enabled=\u00bboff\u00bb button_two_letter_spacing__hover=\u00bbnull\u00bb button_one_bg_color__hover_enabled=\u00bboff\u00bb button_one_bg_color__hover=\u00bbnull\u00bb button_two_bg_color__hover_enabled=\u00bboff\u00bb button_two_bg_color__hover=\u00bbnull\u00bb \/][\/et_pb_section][et_pb_section bb_built=\u00bb1&#8243; fullwidth=\u00bbon\u00bb _builder_version=\u00bb3.22.3&#8243; prev_background_color=\u00bb#000000&#8243; next_background_color=\u00bb#000000&#8243;][et_pb_fullwidth_header title=\u00bbResponsabilidad Social\u00bb header_fullscreen=\u00bbon\u00bb button_one_text=\u00bbDESCUBRE M\u00c1S\u00bb button_one_url=\u00bb\/es\/responsabilidad-social-2\/\u00bb background_overlay_color=\u00bbrgba(0,0,0,0.39)\u00bb content_max_width=\u00bbnone\u00bb title_font_color=\u00bb#ffffff\u00bb module_id=\u00bbsocial\u00bb _builder_version=\u00bb3.22.7&#8243; title_font=\u00bb||||\u00bb title_text_color=\u00bb#ffffff\u00bb background_color=\u00bbrgba(255, 255, 255, 0)\u00bb background_image=\u00bbhttp:\/\/quinoacotopaxi.com\/wp-content\/uploads\/2016\/10\/44195_447566608629098_1553942027_n-2.jpg\u00bb parallax=\u00bbon\u00bb z_index_tablet=\u00bb500&#8243; button_one_text_size__hover_enabled=\u00bboff\u00bb button_one_text_size__hover=\u00bbnull\u00bb button_two_text_size__hover_enabled=\u00bboff\u00bb button_two_text_size__hover=\u00bbnull\u00bb button_one_text_color__hover_enabled=\u00bboff\u00bb button_one_text_color__hover=\u00bbnull\u00bb button_two_text_color__hover_enabled=\u00bboff\u00bb button_two_text_color__hover=\u00bbnull\u00bb button_one_border_width__hover_enabled=\u00bboff\u00bb button_one_border_width__hover=\u00bbnull\u00bb button_two_border_width__hover_enabled=\u00bboff\u00bb button_two_border_width__hover=\u00bbnull\u00bb button_one_border_color__hover_enabled=\u00bboff\u00bb button_one_border_color__hover=\u00bbnull\u00bb button_two_border_color__hover_enabled=\u00bboff\u00bb button_two_border_color__hover=\u00bbnull\u00bb button_one_border_radius__hover_enabled=\u00bboff\u00bb button_one_border_radius__hover=\u00bbnull\u00bb button_two_border_radius__hover_enabled=\u00bboff\u00bb button_two_border_radius__hover=\u00bbnull\u00bb button_one_letter_spacing__hover_enabled=\u00bboff\u00bb button_one_letter_spacing__hover=\u00bbnull\u00bb button_two_letter_spacing__hover_enabled=\u00bboff\u00bb button_two_letter_spacing__hover=\u00bbnull\u00bb button_one_bg_color__hover_enabled=\u00bboff\u00bb button_one_bg_color__hover=\u00bbnull\u00bb button_two_bg_color__hover_enabled=\u00bboff\u00bb button_two_bg_color__hover=\u00bbnull\u00bb \/][\/et_pb_section][et_pb_section bb_built=\u00bb1&#8243; fullwidth=\u00bbon\u00bb _builder_version=\u00bb3.22.7&#8243; background_image=\u00bbhttp:\/\/quinoacotopaxi.com\/wp-content\/uploads\/2019\/05\/Logo-Final-1.png\u00bb background_size=\u00bbcontain\u00bb width=\u00bb100%\u00bb max_width=\u00bb100%\u00bb max_height=\u00bb1000px\u00bb custom_padding=\u00bb|||0px\u00bb prev_background_color=\u00bb#ffffff\u00bb][et_pb_fullwidth_header title=\u00bbContacto\u00bb header_fullscreen=\u00bbon\u00bb button_one_text=\u00bbDESCUBRE M\u00c1S\u00bb button_one_url=\u00bb\/es\/contacto\u00bb background_overlay_color=\u00bbrgba(0,0,0,0.39)\u00bb title_font_color=\u00bb#ffffff\u00bb module_id=\u00bbcontacto\u00bb _builder_version=\u00bb3.22.7&#8243; title_font=\u00bb||||\u00bb title_text_color=\u00bb#ffffff\u00bb background_color=\u00bbrgba(244,44,141,0)\u00bb parallax=\u00bbon\u00bb width=\u00bb100%\u00bb max_width=\u00bb100%\u00bb max_height=\u00bb1000px\u00bb z_index_tablet=\u00bb500&#8243; button_one_text_size__hover_enabled=\u00bboff\u00bb button_one_text_size__hover=\u00bbnull\u00bb button_two_text_size__hover_enabled=\u00bboff\u00bb button_two_text_size__hover=\u00bbnull\u00bb button_one_text_color__hover_enabled=\u00bboff\u00bb button_one_text_color__hover=\u00bbnull\u00bb button_two_text_color__hover_enabled=\u00bboff\u00bb button_two_text_color__hover=\u00bbnull\u00bb button_one_border_width__hover_enabled=\u00bboff\u00bb button_one_border_width__hover=\u00bbnull\u00bb button_two_border_width__hover_enabled=\u00bboff\u00bb button_two_border_width__hover=\u00bbnull\u00bb button_one_border_color__hover_enabled=\u00bboff\u00bb button_one_border_color__hover=\u00bbnull\u00bb button_two_border_color__hover_enabled=\u00bboff\u00bb button_two_border_color__hover=\u00bbnull\u00bb button_one_border_radius__hover_enabled=\u00bboff\u00bb button_one_border_radius__hover=\u00bbnull\u00bb button_two_border_radius__hover_enabled=\u00bboff\u00bb button_two_border_radius__hover=\u00bbnull\u00bb button_one_letter_spacing__hover_enabled=\u00bboff\u00bb button_one_letter_spacing__hover=\u00bbnull\u00bb button_two_letter_spacing__hover_enabled=\u00bboff\u00bb button_two_letter_spacing__hover=\u00bbnull\u00bb button_one_bg_color__hover_enabled=\u00bboff\u00bb button_one_bg_color__hover=\u00bbnull\u00bb button_two_bg_color__hover_enabled=\u00bboff\u00bb button_two_bg_color__hover=\u00bbnull\u00bb \/][\/et_pb_section]<\/p>\n","protected":false},"excerpt":{"rendered":"<p>[et_pb_section bb_built=\u00bb1&#8243; fullwidth=\u00bbon\u00bb _builder_version=\u00bb3.22.7&#8243; next_background_color=\u00bb#000000&#8243;][et_pb_fullwidth_header header_fullscreen=\u00bbon\u00bb header_scroll_down=\u00bbon\u00bb scroll_down_icon=\u00bb%%1%%\u00bb scroll_down_icon_size=\u00bb65px\u00bb background_overlay_color=\u00bbrgba(0,0,0,0.27)\u00bb logo_image_url=\u00bbhttp:\/\/quinoacotopaxi.com\/wp-content\/uploads\/2019\/05\/Logo-Final-1.png\u00bb content_max_width=\u00bb54%\u00bb module_id=\u00bbinicio\u00bb _builder_version=\u00bb3.22.7&#8243; title_font=\u00bb|on|||\u00bb title_font_size=\u00bb69px\u00bb subhead_font=\u00bb|on|||\u00bb subhead_font_size=\u00bb32px\u00bb background_color=\u00bbrgba(255,255,255,0)\u00bb background_image=\u00bbhttp:\/\/quinoacotopaxi.com\/wp-content\/uploads\/2019\/05\/Cotopaxi.jpg\u00bb parallax=\u00bbon\u00bb max_width_tablet=\u00bb50px\u00bb z_index_tablet=\u00bb500&#8243; button_one_text_size__hover_enabled=\u00bboff\u00bb button_one_text_size__hover=\u00bbnull\u00bb button_two_text_size__hover_enabled=\u00bboff\u00bb button_two_text_size__hover=\u00bbnull\u00bb button_one_text_color__hover_enabled=\u00bboff\u00bb button_one_text_color__hover=\u00bbnull\u00bb button_two_text_color__hover_enabled=\u00bboff\u00bb button_two_text_color__hover=\u00bbnull\u00bb button_one_border_width__hover_enabled=\u00bboff\u00bb button_one_border_width__hover=\u00bbnull\u00bb button_two_border_width__hover_enabled=\u00bboff\u00bb button_two_border_width__hover=\u00bbnull\u00bb button_one_border_color__hover_enabled=\u00bboff\u00bb button_one_border_color__hover=\u00bbnull\u00bb button_two_border_color__hover_enabled=\u00bboff\u00bb button_two_border_color__hover=\u00bbnull\u00bb button_one_border_radius__hover_enabled=\u00bboff\u00bb button_one_border_radius__hover=\u00bbnull\u00bb button_two_border_radius__hover_enabled=\u00bboff\u00bb button_two_border_radius__hover=\u00bbnull\u00bb button_one_letter_spacing__hover_enabled=\u00bboff\u00bb button_one_letter_spacing__hover=\u00bbnull\u00bb button_two_letter_spacing__hover_enabled=\u00bboff\u00bb button_two_letter_spacing__hover=\u00bbnull\u00bb button_one_bg_color__hover_enabled=\u00bboff\u00bb button_one_bg_color__hover=\u00bbnull\u00bb button_two_bg_color__hover_enabled=\u00bboff\u00bb button_two_bg_color__hover=\u00bbnull\u00bb \/][\/et_pb_section][et_pb_section bb_built=\u00bb1&#8243; _builder_version=\u00bb3.22.7&#8243; background_image=\u00bbhttp:\/\/quinoacotopaxi.com\/wp-content\/uploads\/2019\/05\/Cotopaxi.jpg\u00bb [&hellip;]<\/p>\n","protected":false},"author":2,"featured_media":0,"parent":0,"menu_order":0,"comment_status":"closed","ping_status":"closed","template":"","meta":{"_et_pb_use_builder":"on","_et_pb_old_content":"","footnotes":""},"class_list":["post-988","page","type-page","status-publish","hentry"],"_links":{"self":[{"href":"http:\/\/quinoacotopaxi.com\/es\/wp-json\/wp\/v2\/pages\/988","targetHints":{"allow":["GET"]}}],"collection":[{"href":"http:\/\/quinoacotopaxi.com\/es\/wp-json\/wp\/v2\/pages"}],"about":[{"href":"http:\/\/quinoacotopaxi.com\/es\/wp-json\/wp\/v2\/types\/page"}],"author":[{"embeddable":true,"href":"http:\/\/quinoacotopaxi.com\/es\/wp-json\/wp\/v2\/users\/2"}],"replies":[{"embeddable":true,"href":"http:\/\/quinoacotopaxi.com\/es\/wp-json\/wp\/v2\/comments?post=988"}],"version-history":[{"count":38,"href":"http:\/\/quinoacotopaxi.com\/es\/wp-json\/wp\/v2\/pages\/988\/revisions"}],"predecessor-version":[{"id":1483,"href":"http:\/\/quinoacotopaxi.com\/es\/wp-json\/wp\/v2\/pages\/988\/revisions\/1483"}],"wp:attachment":[{"href":"http:\/\/quinoacotopaxi.com\/es\/wp-json\/wp\/v2\/media?parent=988"}],"curies":[{"name":"wp","href":"https:\/\/api.w.org\/{rel}","templated":true}]}}