{"id":894,"date":"2017-07-26T02:45:30","date_gmt":"2017-07-26T02:45:30","guid":{"rendered":"http:\/\/quinoacotopaxi.com\/?page_id=894"},"modified":"2017-09-18T21:40:35","modified_gmt":"2017-09-19T02:40:35","slug":"responsabilidad-social-2","status":"publish","type":"page","link":"http:\/\/quinoacotopaxi.com\/es\/responsabilidad-social-2\/","title":{"rendered":"Responsabilidad Social"},"content":{"rendered":"<p>[et_pb_section bb_built=\u00bb1&#8243; _builder_version=\u00bb3.0.47&#8243;][et_pb_row _builder_version=\u00bb3.0.47&#8243; background_size=\u00bbinitial\u00bb background_position=\u00bbtop_left\u00bb background_repeat=\u00bbrepeat\u00bb][et_pb_column type=\u00bb4_4&#8243;][et_pb_text _builder_version=\u00bb3.0.73&#8243; background_size=\u00bbinitial\u00bb background_position=\u00bbtop_left\u00bb background_repeat=\u00bbrepeat\u00bb background_layout=\u00bblight\u00bb text_orientation=\u00bbleft\u00bb border_style=\u00bbsolid\u00bb]<\/p>\n<h2 style=\"text-align: justify;\">Compromiso Social y Comercio Justo<\/h2>\n<p style=\"text-align: justify;\">Quinoa Cotopaxi se preocupa por su comunidad y trabaja en varios proyectos sociales como forma de retribuci\u00f3n a la sociedad. \u00a1Ent\u00e9rate de nuestros proyectos!<\/p>\n<p><strong style=\"text-align: justify;\">Asociaci\u00f3n de Hilanderas de Cotopaxi<\/strong><\/p>\n<p style=\"text-align: justify;\"><strong><a href=\"http:\/\/quinoacotopaxi.com\/wp-content\/uploads\/2016\/10\/Captura-de-pantalla-2017-07-06-a-las-23.06.31.png\"><img loading=\"lazy\" decoding=\"async\" class=\"size-medium wp-image-864 alignleft\" src=\"http:\/\/quinoacotopaxi.com\/wp-content\/uploads\/2016\/10\/Captura-de-pantalla-2017-07-06-a-las-23.06.31-300x239.png\" alt=\"Captura de pantalla 2017-07-06 a las 23.06.31\" width=\"300\" height=\"239\" srcset=\"http:\/\/quinoacotopaxi.com\/wp-content\/uploads\/2016\/10\/Captura-de-pantalla-2017-07-06-a-las-23.06.31-300x239.png 300w, http:\/\/quinoacotopaxi.com\/wp-content\/uploads\/2016\/10\/Captura-de-pantalla-2017-07-06-a-las-23.06.31-768x612.png 768w, http:\/\/quinoacotopaxi.com\/wp-content\/uploads\/2016\/10\/Captura-de-pantalla-2017-07-06-a-las-23.06.31-800x637.png 800w, http:\/\/quinoacotopaxi.com\/wp-content\/uploads\/2016\/10\/Captura-de-pantalla-2017-07-06-a-las-23.06.31.png 846w\" sizes=\"auto, (max-width: 300px) 100vw, 300px\" \/><\/a><\/strong><\/p>\n<p style=\"text-align: justify;\">Desde enero de 2017 hemos comenzado a trabajar con la Asociaci\u00f3n de Hilanderas de Cotopaxi, formada por 14 miembros, de los cuales 13 son mujeres agricultoras. A todos ellos asesoramos en\u00a0temas de agricultura org\u00e1nica para que tornen sus tierras a cultivos org\u00e1nicos y a la siembra de quinua org\u00e1nica. Les\u00a0 estamos ense\u00f1ando las bondades de la alimentaci\u00f3n sana como forma de vida.\u00a0 Hacemos comercio justo porque pagamos\u00a0 a nuestros agricultores agregados,\u00a0 precios m\u00e1s altos por la quinua de lo que paga el mercado.<\/p>\n<p>&nbsp;<\/p>\n<p>&nbsp;<\/p>\n<p style=\"text-align: justify;\"><strong>Escuela Kichwa Saraguro Yachay Kawsay<\/strong><\/p>\n<p style=\"text-align: justify;\">Colaboramos con la escuela de ni\u00f1os Kichwa Saraguro Yachay Kawsay. Con la compra de nuestros productos aportas para que un ni\u00f1o o ni\u00f1a Kichwa Saraguro tenga la oportunidad de asistir a Yachay Kawsay y pueda desarrollar sus doce inteligencias y aprender de su cultura en kichwa e ingl\u00e9s.<\/p>\n<p style=\"text-align: justify;\">Yachay Kaway es un espacio de aprendizaje en el que se respeta la autonom\u00eda y el Ser interno de los estudiantes como medio para lograr el gusto y la responsabilidad hacia el estudio y el emprendimiento.<\/p>\n<p style=\"text-align: justify;\">La humanidad est\u00e1 dando un salto cu\u00e1ntico a otra dimensi\u00f3n espiritual, por lo que es preciso tomar en cuenta \u201cel nuevo bagaje\u201d con el que llegan nuestros ni\u00f1os a la familia y al mundo y ofrecerles una educaci\u00f3n acorde a este nuevo momento energ\u00e9tico humano.<\/p>\n<p style=\"text-align: justify;\">Yachay Kawsay ofrece un espacio &#8211; tiempo para Ser, hacer y trascender para ni\u00f1os j\u00f3venes y adultos.<\/p>\n<p style=\"text-align: justify;\">No se trata de \u201cuna escuela\u201d ni de \u201ccursos o talleres de idiomas\u201d sino de experiencias vivas de aprendizaje y desarrollo de las\u00a0inteligencias.<!--more--><\/p>\n<p style=\"text-align: justify;\"><a href=\"http:\/\/quinoacotopaxi.com\/wp-content\/uploads\/2016\/10\/IMG_1787.jpg\"><img loading=\"lazy\" decoding=\"async\" class=\"size-medium wp-image-877 alignleft\" src=\"http:\/\/quinoacotopaxi.com\/wp-content\/uploads\/2016\/10\/IMG_1787-300x225.jpg\" alt=\"IMG_1787\" width=\"300\" height=\"225\" srcset=\"http:\/\/quinoacotopaxi.com\/wp-content\/uploads\/2016\/10\/IMG_1787-300x225.jpg 300w, http:\/\/quinoacotopaxi.com\/wp-content\/uploads\/2016\/10\/IMG_1787-768x576.jpg 768w, http:\/\/quinoacotopaxi.com\/wp-content\/uploads\/2016\/10\/IMG_1787-1024x768.jpg 1024w, http:\/\/quinoacotopaxi.com\/wp-content\/uploads\/2016\/10\/IMG_1787-800x600.jpg 800w\" sizes=\"auto, (max-width: 300px) 100vw, 300px\" \/><\/a><a href=\"http:\/\/quinoacotopaxi.com\/wp-content\/uploads\/2016\/10\/Brownies-en-la-Calandria.jpg\"><img loading=\"lazy\" decoding=\"async\" class=\"alignnone size-medium wp-image-883\" src=\"http:\/\/quinoacotopaxi.com\/wp-content\/uploads\/2016\/10\/Brownies-en-la-Calandria-300x225.jpg\" alt=\"Brownies en la Calandria\" width=\"300\" height=\"225\" srcset=\"http:\/\/quinoacotopaxi.com\/wp-content\/uploads\/2016\/10\/Brownies-en-la-Calandria-300x225.jpg 300w, http:\/\/quinoacotopaxi.com\/wp-content\/uploads\/2016\/10\/Brownies-en-la-Calandria-768x576.jpg 768w, http:\/\/quinoacotopaxi.com\/wp-content\/uploads\/2016\/10\/Brownies-en-la-Calandria-800x600.jpg 800w, http:\/\/quinoacotopaxi.com\/wp-content\/uploads\/2016\/10\/Brownies-en-la-Calandria.jpg 960w\" sizes=\"auto, (max-width: 300px) 100vw, 300px\" \/><\/a><\/p>\n<p>[\/et_pb_text][\/et_pb_column][\/et_pb_row][\/et_pb_section]<\/p>\n","protected":false},"excerpt":{"rendered":"<p>[et_pb_section bb_built=\u00bb1&#8243; _builder_version=\u00bb3.0.47&#8243;][et_pb_row _builder_version=\u00bb3.0.47&#8243; background_size=\u00bbinitial\u00bb background_position=\u00bbtop_left\u00bb background_repeat=\u00bbrepeat\u00bb][et_pb_column type=\u00bb4_4&#8243;][et_pb_text _builder_version=\u00bb3.0.73&#8243; background_size=\u00bbinitial\u00bb background_position=\u00bbtop_left\u00bb background_repeat=\u00bbrepeat\u00bb background_layout=\u00bblight\u00bb text_orientation=\u00bbleft\u00bb border_style=\u00bbsolid\u00bb] Compromiso Social y Comercio Justo Quinoa Cotopaxi se preocupa por su comunidad y trabaja en varios proyectos sociales como forma de retribuci\u00f3n a la sociedad. \u00a1Ent\u00e9rate de nuestros proyectos! Asociaci\u00f3n de Hilanderas de Cotopaxi Desde enero de 2017 hemos comenzado [&hellip;]<\/p>\n","protected":false},"author":2,"featured_media":850,"parent":0,"menu_order":3,"comment_status":"closed","ping_status":"closed","template":"","meta":{"_et_pb_use_builder":"on","_et_pb_old_content":"<p style=\"text-align: justify;\">Quinoa Cotopaxi se preocupa por su comunidad y trabaja en varios proyectos sociales como forma de retribuci\u00f3n a la sociedad. \u00a1Ent\u00e9rate de nuestros proyectos!<\/p><p>\u00a0<\/p><p style=\"text-align: justify;\"><!--more--><\/p><p style=\"text-align: justify;\"><strong>Asociaci\u00f3n de Hilanderas de Cotopaxi<\/strong><strong><a href=\"http:\/\/quinoacotopaxi.com\/wp-content\/uploads\/2016\/10\/Captura-de-pantalla-2017-07-06-a-las-23.06.31.png\"><img class=\"size-medium wp-image-864 alignleft\" src=\"http:\/\/quinoacotopaxi.com\/wp-content\/uploads\/2016\/10\/Captura-de-pantalla-2017-07-06-a-las-23.06.31-300x239.png\" alt=\"Captura de pantalla 2017-07-06 a las 23.06.31\" width=\"300\" height=\"239\" \/><\/a><\/strong>\u00a0Desde enero de 2017 hemos comenzado a trabajar con la Asociaci\u00f3n de Hilanderas de Cotopaxi, formada por 14 miembros, de los cuales 13 son mujeres agricultoras. A todos ellos asesoramos en\u00a0temas de agricultura org\u00e1nica para que tornen sus tierras a cultivos org\u00e1nicos y a la siembra de quinua org\u00e1nica. Les\u00a0 estamos ense\u00f1ando las bondades de la alimentaci\u00f3n sana como forma de vida.\u00a0 Hacemos comercio justo porque pagamos\u00a0 a nuestros agricultores agregados,\u00a0 precios m\u00e1s altos por la quinua de lo que paga el mercado.<\/p><p>\u00a0<\/p><p style=\"text-align: justify;\"><strong>Kichwa Saraguro Yachay Kawsay<\/strong><\/p><p style=\"text-align: justify;\">Colaboramos con la escuela de ni\u00f1os Kichwa Saraguro Yachay Kawsay. Con la compra de nuestros productos aportas para que un ni\u00f1o o ni\u00f1a Kichwa Saraguro tenga la oportunidad de asistir a Yachay Kawsay y pueda desarrollar sus doce inteligencias y aprender de su cultura en kichwa e ingl\u00e9s.<\/p><p style=\"text-align: justify;\">Yachay Kaway es un espacio de aprendizaje en el que se respeta la autonom\u00eda y el Ser interno de los estudiantes como medio para lograr el gusto y la responsabilidad hacia el estudio y el emprendimiento.<\/p><p style=\"text-align: justify;\">La humanidad est\u00e1 dando un salto cu\u00e1ntico a otra dimensi\u00f3n espiritual, por lo que es preciso tomar en cuenta \u201cel nuevo bagaje\u201d con el que llegan nuestros ni\u00f1os a la familia y al mundo y ofrecerles una educaci\u00f3n acorde a este nuevo momento energ\u00e9tico humano.<\/p><p style=\"text-align: justify;\">Yachay Kawsay ofrece un espacio - tiempo para Ser, hacer y trascender para ni\u00f1os j\u00f3venes y adultos.<\/p><p style=\"text-align: justify;\">No se trata de \u201cuna escuela\u201d ni de \u201ccursos o talleres de idiomas\u201d sino de experiencias vivas de aprendizaje y desarrollo de las\u00a0inteligencias.<!--more--><\/p><p style=\"text-align: justify;\"><a href=\"http:\/\/quinoacotopaxi.com\/wp-content\/uploads\/2016\/10\/IMG_1787.jpg\"><img class=\"size-medium wp-image-877 alignleft\" src=\"http:\/\/quinoacotopaxi.com\/wp-content\/uploads\/2016\/10\/IMG_1787-300x225.jpg\" alt=\"IMG_1787\" width=\"300\" height=\"225\" \/><\/a><a href=\"http:\/\/quinoacotopaxi.com\/wp-content\/uploads\/2016\/10\/Brownies-en-la-Calandria.jpg\"><img class=\"alignnone size-medium wp-image-883\" src=\"http:\/\/quinoacotopaxi.com\/wp-content\/uploads\/2016\/10\/Brownies-en-la-Calandria-300x225.jpg\" alt=\"Brownies en la Calandria\" width=\"300\" height=\"225\" \/><\/a><\/p>","footnotes":""},"class_list":["post-894","page","type-page","status-publish","has-post-thumbnail","hentry"],"_links":{"self":[{"href":"http:\/\/quinoacotopaxi.com\/es\/wp-json\/wp\/v2\/pages\/894","targetHints":{"allow":["GET"]}}],"collection":[{"href":"http:\/\/quinoacotopaxi.com\/es\/wp-json\/wp\/v2\/pages"}],"about":[{"href":"http:\/\/quinoacotopaxi.com\/es\/wp-json\/wp\/v2\/types\/page"}],"author":[{"embeddable":true,"href":"http:\/\/quinoacotopaxi.com\/es\/wp-json\/wp\/v2\/users\/2"}],"replies":[{"embeddable":true,"href":"http:\/\/quinoacotopaxi.com\/es\/wp-json\/wp\/v2\/comments?post=894"}],"version-history":[{"count":18,"href":"http:\/\/quinoacotopaxi.com\/es\/wp-json\/wp\/v2\/pages\/894\/revisions"}],"predecessor-version":[{"id":1244,"href":"http:\/\/quinoacotopaxi.com\/es\/wp-json\/wp\/v2\/pages\/894\/revisions\/1244"}],"wp:featuredmedia":[{"embeddable":true,"href":"http:\/\/quinoacotopaxi.com\/es\/wp-json\/wp\/v2\/media\/850"}],"wp:attachment":[{"href":"http:\/\/quinoacotopaxi.com\/es\/wp-json\/wp\/v2\/media?parent=894"}],"curies":[{"name":"wp","href":"https:\/\/api.w.org\/{rel}","templated":true}]}}