{"id":785,"date":"2016-10-24T14:30:35","date_gmt":"2016-10-24T14:30:35","guid":{"rendered":"http:\/\/localhost\/wlow3\/?page_id=13"},"modified":"2019-05-21T00:19:50","modified_gmt":"2019-05-21T05:19:50","slug":"nosotros","status":"publish","type":"page","link":"http:\/\/quinoacotopaxi.com\/es\/nosotros\/","title":{"rendered":"Nosotros"},"content":{"rendered":"<p>[et_pb_section bb_built=\u00bb1&#8243; _builder_version=\u00bb3.22.7&#8243; background_image=\u00bbhttp:\/\/quinoacotopaxi.com\/wp-content\/uploads\/2019\/05\/Quinoa.jpg\u00bb parallax=\u00bbon\u00bb parallax_method=\u00bboff\u00bb custom_padding=\u00bb0px|0px|0px|0px\u00bb z_index_tablet=\u00bb500&#8243;][et_pb_row use_custom_gutter=\u00bbon\u00bb gutter_width=\u00bb1&#8243; custom_padding=\u00bb27px|0px|0px|0px\u00bb module_class=\u00bb et_pb_row_fullwidth\u00bb _builder_version=\u00bb3.22.7&#8243; background_color=\u00bbrgba(255,255,255,0.79)\u00bb background_size=\u00bbinitial\u00bb background_position=\u00bbtop_left\u00bb background_repeat=\u00bbrepeat\u00bb width=\u00bb100%\u00bb width_tablet=\u00bb100%\u00bb width_last_edited=\u00bbon|desktop\u00bb max_width=\u00bb100%\u00bb max_width_tablet=\u00bb100%\u00bb max_width_last_edited=\u00bbon|desktop\u00bb make_fullwidth=\u00bbon\u00bb][et_pb_column type=\u00bb4_4&#8243;][et_pb_divider show_divider=\u00bboff\u00bb disabled_on=\u00bbon|on|off\u00bb _builder_version=\u00bb3.22.7&#8243; height=\u00bb210px\u00bb \/][et_pb_text _builder_version=\u00bb3.0.74&#8243; background_size=\u00bbinitial\u00bb background_position=\u00bbtop_left\u00bb background_repeat=\u00bbrepeat\u00bb custom_padding=\u00bb|150px||150px\u00bb]<\/p>\n<p><!--more--><\/p>\n<p>&nbsp;<\/p>\n<h1 style=\"text-align: justify;\">Nuestra Historia<\/h1>\n<p>&nbsp;<\/p>\n<p style=\"text-align: justify;\">La hacienda La Calerita, fue adquirida por don Alejandro Maldonado el 21 de julio de 1886, en terrenos que entonces se encontraban devastados por la \u00faltima erupci\u00f3n del volc\u00e1n Cotopaxi del a\u00f1o 1877. Su yerno, Don Arcesio Paz Ante, un hombre visionario y trabajador, dedic\u00f3 d\u00e9cadas de su vida a reconstruir los suelos que quedaran totalmente inertes y rocosos para convertirles en las tierras ahora aptas para la agricultura. Con ese mismo amor al campo, su hijo Alejandro Paz Maldonado, su nieto Diego y sus bisnietos Francisco y Alejandro cultivan ese mismo campo con la misma pasi\u00f3n de sus antepasados. Hoy, 131 a\u00f1os m\u00e1s tarde, ofrecemos quinua cultivada con esmero, pasi\u00f3n y profesionalismo, como un tributo al arduo trabajo realizado por las cuatro generaciones en lo que queda de una gran hacienda que en otra hora fuera lejana al centro de la ciudad de Latacunga y hoy es parte de ella. Quinoa Cotopaxi S. A. nace para procesar este grano de oro, y llevarlo hasta la mesa de sus clientes, siguiendo las m\u00e1s altas normativas de excelencia y calidad requeridas.<\/p>\n<p>[\/et_pb_text][et_pb_divider show_divider=\u00bboff\u00bb disabled_on=\u00bbon|on|off\u00bb _builder_version=\u00bb3.22.7&#8243; height=\u00bb210px\u00bb \/][\/et_pb_column][\/et_pb_row][\/et_pb_section]<\/p>\n","protected":false},"excerpt":{"rendered":"<p>La hacienda La Calerita, fue adquirida por don Alejandro Maldonado el 21 de julio de 1886, en terrenos que entonces se encontraban devastados por la \u00faltima erupci\u00f3n del volc\u00e1n Cotopaxi del a\u00f1o 1877.<\/p>\n","protected":false},"author":2,"featured_media":833,"parent":0,"menu_order":1,"comment_status":"closed","ping_status":"closed","template":"","meta":{"_et_pb_use_builder":"on","_et_pb_old_content":"<p><!--more--><\/p><p style=\"text-align: justify;\">La hacienda La Calerita, fue adquirida por don Alejandro Maldonado el 21 de julio de 1886, en terrenos que entonces se encontraban devastados por la \u00faltima erupci\u00f3n del volc\u00e1n Cotopaxi del a\u00f1o 1877. Su yerno, Don Arcesio Paz Ante, un hombre visionario y trabajador, dedic\u00f3 d\u00e9cadas de su vida a reconstruir los suelos que quedaran totalmente inertes y rocosos para convertirles en las tierras ahora aptas para la agricultura. Con ese mismo amor al campo, su hijo Alejandro Paz Maldonado, su nieto Diego y sus bisnietos Francisco y Alejandro cultivan ese mismo campo con la misma pasi\u00f3n de sus antepasados. Hoy, 131 a\u00f1os m\u00e1s tarde, ofrecemos quinua cultivada con esmero, pasi\u00f3n y profesionalismo, como un tributo al arduo trabajo realizado por las cuatro generaciones en lo que queda de una gran hacienda que en otra hora fuera lejana al centro de la ciudad de Latacunga y hoy es parte de ella. Quinoa Cotopaxi S. A. nace para procesar este grano de oro, y llevarlo hasta la mesa de sus clientes, siguiendo las m\u00e1s altas normativas de excelencia y calidad requeridas.<\/p>","footnotes":""},"class_list":["post-785","page","type-page","status-publish","has-post-thumbnail","hentry"],"_links":{"self":[{"href":"http:\/\/quinoacotopaxi.com\/es\/wp-json\/wp\/v2\/pages\/785","targetHints":{"allow":["GET"]}}],"collection":[{"href":"http:\/\/quinoacotopaxi.com\/es\/wp-json\/wp\/v2\/pages"}],"about":[{"href":"http:\/\/quinoacotopaxi.com\/es\/wp-json\/wp\/v2\/types\/page"}],"author":[{"embeddable":true,"href":"http:\/\/quinoacotopaxi.com\/es\/wp-json\/wp\/v2\/users\/2"}],"replies":[{"embeddable":true,"href":"http:\/\/quinoacotopaxi.com\/es\/wp-json\/wp\/v2\/comments?post=785"}],"version-history":[{"count":18,"href":"http:\/\/quinoacotopaxi.com\/es\/wp-json\/wp\/v2\/pages\/785\/revisions"}],"predecessor-version":[{"id":1422,"href":"http:\/\/quinoacotopaxi.com\/es\/wp-json\/wp\/v2\/pages\/785\/revisions\/1422"}],"wp:featuredmedia":[{"embeddable":true,"href":"http:\/\/quinoacotopaxi.com\/es\/wp-json\/wp\/v2\/media\/833"}],"wp:attachment":[{"href":"http:\/\/quinoacotopaxi.com\/es\/wp-json\/wp\/v2\/media?parent=785"}],"curies":[{"name":"wp","href":"https:\/\/api.w.org\/{rel}","templated":true}]}}