{"id":1274,"date":"2017-09-14T21:11:21","date_gmt":"2017-09-15T02:11:21","guid":{"rendered":"http:\/\/quinoacotopaxi.com\/quinoa-multipurpose-flour-mix\/"},"modified":"2019-05-20T23:30:15","modified_gmt":"2019-05-21T04:30:15","slug":"quinoa-multipurpose-flour-mix","status":"publish","type":"page","link":"http:\/\/quinoacotopaxi.com\/es\/quinoa-multipurpose-flour-mix\/","title":{"rendered":"Harina Multiprop\u00f3sito"},"content":{"rendered":"<p>[et_pb_section bb_built=\u00bb1&#8243; custom_padding=\u00bb8px|0px|0px|0px\u00bb _builder_version=\u00bb3.0.73&#8243; background_image=\u00bbhttp:\/\/quinoacotopaxi.com\/wp-content\/uploads\/2014\/08\/147.jpg\u00bb animation_style=\u00bbfold\u00bb inner_width=\u00bbauto\u00bb inner_max_width=\u00bbnone\u00bb][et_pb_row make_fullwidth=\u00bbon\u00bb use_custom_gutter=\u00bbon\u00bb gutter_width=\u00bb1&#8243; custom_padding=\u00bb69px|100px|135px|100px\u00bb background_color=\u00bbrgba(255,255,255,0.89)\u00bb _builder_version=\u00bb3.0.73&#8243; background_size=\u00bbinitial\u00bb background_position=\u00bbtop_left\u00bb background_repeat=\u00bbrepeat\u00bb module_class=\u00bb et_pb_row_fullwidth\u00bb width=\u00bb100%\u00bb width_tablet=\u00bb100%\u00bb width_last_edited=\u00bbon|desktop\u00bb max_width=\u00bb100%\u00bb max_width_tablet=\u00bb100%\u00bb max_width_last_edited=\u00bbon|desktop\u00bb][et_pb_column type=\u00bb2_3&#8243;][et_pb_text _builder_version=\u00bb3.22.7&#8243; text_orientation=\u00bbjustified\u00bb custom_padding=\u00bb|100px||\u00bb background_layout=\u00bblight\u00bb border_style=\u00bbsolid\u00bb]<\/p>\n<div dir=\"ltr\">\n<p><b>Harina Multiprop\u00f3sito<\/b><\/p>\n<p><span style=\"font-weight: 400;\">Se puede usar para preparar pasteles de sal, masa para pie, pancakes, etc.<\/span><\/p>\n<p><span style=\"font-weight: 400;\">Receta Para Pancakes:<\/span><\/p>\n<p><span style=\"font-weight: 400;\">INGREDIENTES: 1 huevo, 1\/2 taza de leche entera, 1\/2 cucharadita de lim\u00f3n, 1 cucharada de aceite o mantequilla derretida, extracto de vainilla y canela en polvo al gusto.<\/span><\/p>\n<ol>\n<li><span style=\"font-weight: 400;\">En un taz\u00f3n batir el huevo con la mantequilla, a\u00f1adir la leche con lim\u00f3n e incorporar la premezcla de harina.<\/span><\/li>\n<li><span style=\"font-weight: 400;\"> Verter 1\/3 taza de la masa en el sart\u00e9n caliente.\u00a0 Dar la vuelta hasta que se dore.<\/span><\/li>\n<li><span style=\"font-weight: 400;\"> Servir con el jarabe de su elecci\u00f3n.<\/span><\/li>\n<\/ol>\n<p><span style=\"font-weight: 400;\">PREPARACION DEL JARABE: En una olla poner 1\/2 taza de agua m\u00e1s 1 taza de panela molida.\u00a0Hervir hasta que espese.\u00a0 Servir caliente sobre los pancakes.<\/span><\/p>\n<\/div>\n<p>[\/et_pb_text][\/et_pb_column][et_pb_column type=\u00bb1_3&#8243;][et_pb_image src=\u00bbhttp:\/\/quinoacotopaxi.com\/wp-content\/uploads\/2017\/07\/IMG_6403.jpg\u00bb _builder_version=\u00bb3.0.73&#8243; show_in_lightbox=\u00bboff\u00bb url_new_window=\u00bboff\u00bb use_overlay=\u00bboff\u00bb sticky=\u00bboff\u00bb align=\u00bbleft\u00bb always_center_on_mobile=\u00bbon\u00bb border_style=\u00bbsolid\u00bb force_fullwidth=\u00bboff\u00bb show_bottom_space=\u00bbon\u00bb \/][\/et_pb_column][\/et_pb_row][\/et_pb_section]<\/p>\n","protected":false},"excerpt":{"rendered":"<p>[et_pb_section bb_built=\u00bb1&#8243; custom_padding=\u00bb8px|0px|0px|0px\u00bb _builder_version=\u00bb3.0.73&#8243; background_image=\u00bbhttp:\/\/quinoacotopaxi.com\/wp-content\/uploads\/2014\/08\/147.jpg\u00bb animation_style=\u00bbfold\u00bb inner_width=\u00bbauto\u00bb inner_max_width=\u00bbnone\u00bb][et_pb_row make_fullwidth=\u00bbon\u00bb use_custom_gutter=\u00bbon\u00bb gutter_width=\u00bb1&#8243; custom_padding=\u00bb69px|100px|135px|100px\u00bb background_color=\u00bbrgba(255,255,255,0.89)\u00bb _builder_version=\u00bb3.0.73&#8243; background_size=\u00bbinitial\u00bb background_position=\u00bbtop_left\u00bb background_repeat=\u00bbrepeat\u00bb module_class=\u00bb et_pb_row_fullwidth\u00bb width=\u00bb100%\u00bb width_tablet=\u00bb100%\u00bb width_last_edited=\u00bbon|desktop\u00bb max_width=\u00bb100%\u00bb max_width_tablet=\u00bb100%\u00bb max_width_last_edited=\u00bbon|desktop\u00bb][et_pb_column type=\u00bb2_3&#8243;][et_pb_text _builder_version=\u00bb3.22.7&#8243; text_orientation=\u00bbjustified\u00bb custom_padding=\u00bb|100px||\u00bb background_layout=\u00bblight\u00bb border_style=\u00bbsolid\u00bb] Harina Multiprop\u00f3sito Se puede usar para preparar pasteles de sal, masa para pie, pancakes, etc. Receta Para Pancakes: INGREDIENTES: 1 huevo, 1\/2 taza de [&hellip;]<\/p>\n","protected":false},"author":2,"featured_media":0,"parent":0,"menu_order":0,"comment_status":"closed","ping_status":"closed","template":"","meta":{"_et_pb_use_builder":"on","_et_pb_old_content":"","footnotes":""},"class_list":["post-1274","page","type-page","status-publish","hentry"],"_links":{"self":[{"href":"http:\/\/quinoacotopaxi.com\/es\/wp-json\/wp\/v2\/pages\/1274","targetHints":{"allow":["GET"]}}],"collection":[{"href":"http:\/\/quinoacotopaxi.com\/es\/wp-json\/wp\/v2\/pages"}],"about":[{"href":"http:\/\/quinoacotopaxi.com\/es\/wp-json\/wp\/v2\/types\/page"}],"author":[{"embeddable":true,"href":"http:\/\/quinoacotopaxi.com\/es\/wp-json\/wp\/v2\/users\/2"}],"replies":[{"embeddable":true,"href":"http:\/\/quinoacotopaxi.com\/es\/wp-json\/wp\/v2\/comments?post=1274"}],"version-history":[{"count":4,"href":"http:\/\/quinoacotopaxi.com\/es\/wp-json\/wp\/v2\/pages\/1274\/revisions"}],"predecessor-version":[{"id":1394,"href":"http:\/\/quinoacotopaxi.com\/es\/wp-json\/wp\/v2\/pages\/1274\/revisions\/1394"}],"wp:attachment":[{"href":"http:\/\/quinoacotopaxi.com\/es\/wp-json\/wp\/v2\/media?parent=1274"}],"curies":[{"name":"wp","href":"https:\/\/api.w.org\/{rel}","templated":true}]}}